{"id":8,"date":"2024-11-19T12:21:35","date_gmt":"2024-11-19T12:21:35","guid":{"rendered":"https:\/\/insightout.com.tr\/?page_id=8"},"modified":"2024-11-19T12:46:48","modified_gmt":"2024-11-19T12:46:48","slug":"ana-sayfa","status":"publish","type":"page","link":"https:\/\/insightout.com.tr\/","title":{"rendered":"Ana Sayfa"},"content":{"rendered":"\t\t<div data-elementor-type=\"wp-page\" data-elementor-id=\"8\" class=\"elementor elementor-8\">\n\t\t\t\t\t\t<section class=\"elementor-section elementor-top-section elementor-element elementor-element-74d1cf600 elementor-section-height-full elementor-section-full_width elementor-section-stretched elementor-hidden-tablet elementor-hidden-mobile elementor-section-height-default elementor-section-items-middle wpr-particle-no wpr-jarallax-no wpr-parallax-no wpr-sticky-section-no\" data-id=\"74d1cf600\" data-element_type=\"section\" data-settings=\"{&quot;background_background&quot;:&quot;classic&quot;,&quot;stretch_section&quot;:&quot;section-stretched&quot;}\">\n\t\t\t\t\t\t\t<div class=\"elementor-background-overlay\"><\/div>\n\t\t\t\t\t\t\t<div class=\"elementor-container elementor-column-gap-default\">\n\t\t\t\t\t<div class=\"elementor-column elementor-col-100 elementor-top-column elementor-element elementor-element-340e49ee\" data-id=\"340e49ee\" data-element_type=\"column\">\n\t\t\t<div class=\"elementor-widget-wrap elementor-element-populated\">\n\t\t\t\t\t\t<div class=\"elementor-element elementor-element-e4ec264 elementor-widget elementor-widget-image\" data-id=\"e4ec264\" data-element_type=\"widget\" data-widget_type=\"image.default\">\n\t\t\t\t<div class=\"elementor-widget-container\">\n\t\t\t\t\t\t\t\t\t\t\t\t\t<img fetchpriority=\"high\" decoding=\"async\" width=\"1737\" height=\"984\" src=\"https:\/\/insightout.com.tr\/wp-content\/uploads\/2024\/11\/INSIGHTOUT.png\" class=\"attachment-full size-full wp-image-42\" alt=\"\" srcset=\"https:\/\/insightout.com.tr\/wp-content\/uploads\/2024\/11\/INSIGHTOUT.png 1737w, https:\/\/insightout.com.tr\/wp-content\/uploads\/2024\/11\/INSIGHTOUT-300x170.png 300w, https:\/\/insightout.com.tr\/wp-content\/uploads\/2024\/11\/INSIGHTOUT-1024x580.png 1024w, https:\/\/insightout.com.tr\/wp-content\/uploads\/2024\/11\/INSIGHTOUT-768x435.png 768w, https:\/\/insightout.com.tr\/wp-content\/uploads\/2024\/11\/INSIGHTOUT-1536x870.png 1536w, https:\/\/insightout.com.tr\/wp-content\/uploads\/2024\/11\/INSIGHTOUT-1200x680.png 1200w\" sizes=\"(max-width: 1737px) 100vw, 1737px\" \/>\t\t\t\t\t\t\t\t\t\t\t\t\t<\/div>\n\t\t\t\t<\/div>\n\t\t\t\t<div class=\"elementor-element elementor-element-68520275 elementor-widget elementor-widget-text-editor\" data-id=\"68520275\" data-element_type=\"widget\" data-widget_type=\"text-editor.default\">\n\t\t\t\t<div class=\"elementor-widget-container\">\n\t\t\t\t\t\t\t<p>Insight Out Web Sitesi \u00c7ok Yak\u0131nda Hizmetinizde&#8230;<\/p>\t\t\t\t\t\t<\/div>\n\t\t\t\t<\/div>\n\t\t\t\t\t<\/div>\n\t\t<\/div>\n\t\t\t\t\t<\/div>\n\t\t<\/section>\n\t\t\t\t<section class=\"elementor-section elementor-top-section elementor-element elementor-element-f7e4c3f elementor-section-height-min-height elementor-section-full_width elementor-section-stretched elementor-hidden-desktop elementor-section-height-default elementor-section-items-middle wpr-particle-no wpr-jarallax-no wpr-parallax-no wpr-sticky-section-no\" data-id=\"f7e4c3f\" data-element_type=\"section\" data-settings=\"{&quot;background_background&quot;:&quot;classic&quot;,&quot;stretch_section&quot;:&quot;section-stretched&quot;}\">\n\t\t\t\t\t\t\t<div class=\"elementor-background-overlay\"><\/div>\n\t\t\t\t\t\t\t<div class=\"elementor-container elementor-column-gap-default\">\n\t\t\t\t\t<div class=\"elementor-column elementor-col-100 elementor-top-column elementor-element elementor-element-4fd5e20\" data-id=\"4fd5e20\" data-element_type=\"column\">\n\t\t\t<div class=\"elementor-widget-wrap elementor-element-populated\">\n\t\t\t\t\t\t<div class=\"elementor-element elementor-element-cf6de8e elementor-widget elementor-widget-image\" data-id=\"cf6de8e\" data-element_type=\"widget\" data-widget_type=\"image.default\">\n\t\t\t\t<div class=\"elementor-widget-container\">\n\t\t\t\t\t\t\t\t\t\t\t\t\t<img fetchpriority=\"high\" decoding=\"async\" width=\"1737\" height=\"984\" src=\"https:\/\/insightout.com.tr\/wp-content\/uploads\/2024\/11\/INSIGHTOUT.png\" class=\"attachment-full size-full wp-image-42\" alt=\"\" srcset=\"https:\/\/insightout.com.tr\/wp-content\/uploads\/2024\/11\/INSIGHTOUT.png 1737w, https:\/\/insightout.com.tr\/wp-content\/uploads\/2024\/11\/INSIGHTOUT-300x170.png 300w, https:\/\/insightout.com.tr\/wp-content\/uploads\/2024\/11\/INSIGHTOUT-1024x580.png 1024w, https:\/\/insightout.com.tr\/wp-content\/uploads\/2024\/11\/INSIGHTOUT-768x435.png 768w, https:\/\/insightout.com.tr\/wp-content\/uploads\/2024\/11\/INSIGHTOUT-1536x870.png 1536w, https:\/\/insightout.com.tr\/wp-content\/uploads\/2024\/11\/INSIGHTOUT-1200x680.png 1200w\" sizes=\"(max-width: 1737px) 100vw, 1737px\" \/>\t\t\t\t\t\t\t\t\t\t\t\t\t<\/div>\n\t\t\t\t<\/div>\n\t\t\t\t<div class=\"elementor-element elementor-element-5f9cb3b elementor-widget elementor-widget-text-editor\" data-id=\"5f9cb3b\" data-element_type=\"widget\" data-widget_type=\"text-editor.default\">\n\t\t\t\t<div class=\"elementor-widget-container\">\n\t\t\t\t\t\t\t<p>Insight Out Web Sitesi \u00c7ok Yak\u0131nda Hizmetinizde&#8230;<\/p>\t\t\t\t\t\t<\/div>\n\t\t\t\t<\/div>\n\t\t\t\t\t<\/div>\n\t\t<\/div>\n\t\t\t\t\t<\/div>\n\t\t<\/section>\n\t\t\t\t<\/div>\n\t\t","protected":false},"excerpt":{"rendered":"<p>Insight Out Web Sitesi \u00c7ok Yak\u0131nda Hizmetinizde&#8230; Insight Out Web Sitesi \u00c7ok Yak\u0131nda Hizmetinizde&#8230;<\/p>\n","protected":false},"author":1,"featured_media":0,"parent":0,"menu_order":0,"comment_status":"closed","ping_status":"closed","template":"elementor_header_footer","meta":{"footnotes":""},"class_list":["post-8","page","type-page","status-publish","hentry"],"_links":{"self":[{"href":"https:\/\/insightout.com.tr\/index.php?rest_route=\/wp\/v2\/pages\/8","targetHints":{"allow":["GET"]}}],"collection":[{"href":"https:\/\/insightout.com.tr\/index.php?rest_route=\/wp\/v2\/pages"}],"about":[{"href":"https:\/\/insightout.com.tr\/index.php?rest_route=\/wp\/v2\/types\/page"}],"author":[{"embeddable":true,"href":"https:\/\/insightout.com.tr\/index.php?rest_route=\/wp\/v2\/users\/1"}],"replies":[{"embeddable":true,"href":"https:\/\/insightout.com.tr\/index.php?rest_route=%2Fwp%2Fv2%2Fcomments&post=8"}],"version-history":[{"count":26,"href":"https:\/\/insightout.com.tr\/index.php?rest_route=\/wp\/v2\/pages\/8\/revisions"}],"predecessor-version":[{"id":63,"href":"https:\/\/insightout.com.tr\/index.php?rest_route=\/wp\/v2\/pages\/8\/revisions\/63"}],"wp:attachment":[{"href":"https:\/\/insightout.com.tr\/index.php?rest_route=%2Fwp%2Fv2%2Fmedia&parent=8"}],"curies":[{"name":"wp","href":"https:\/\/api.w.org\/{rel}","templated":true}]}}